{"id":2,"date":"2025-06-05T06:26:44","date_gmt":"2025-06-05T06:26:44","guid":{"rendered":"https:\/\/rtk4u.com\/?page_id=2"},"modified":"2025-11-25T08:37:24","modified_gmt":"2025-11-25T08:37:24","slug":"sample-page","status":"publish","type":"page","link":"https:\/\/www.rtk4u.com\/","title":{"rendered":"RTK4U Gmbh"},"content":{"rendered":"\n<p>Willkommen bei RTK4U.com \u2013 Ihr Partner f\u00fcr pr\u00e4zise L\u00f6sungen in der landwirtschaftlichen Automatisierung und Vermessung!<\/p>\n\n\n\n<p><\/p>\n\n\n\n<figure class=\"wp-block-image size-large is-resized\"><img loading=\"lazy\" decoding=\"async\" width=\"778\" height=\"1024\" src=\"https:\/\/www.rtk4u.com\/wp-content\/uploads\/2025\/11\/RTK4U-778x1024.png\" alt=\"\" class=\"wp-image-63\" style=\"width:308px;height:auto\" srcset=\"https:\/\/www.rtk4u.com\/wp-content\/uploads\/2025\/11\/RTK4U-778x1024.png 778w, https:\/\/www.rtk4u.com\/wp-content\/uploads\/2025\/11\/RTK4U-228x300.png 228w, https:\/\/www.rtk4u.com\/wp-content\/uploads\/2025\/11\/RTK4U-768x1011.png 768w, https:\/\/www.rtk4u.com\/wp-content\/uploads\/2025\/11\/RTK4U.png 898w\" sizes=\"auto, (max-width: 778px) 100vw, 778px\" \/><\/figure>\n","protected":false},"excerpt":{"rendered":"<p>Willkommen bei RTK4U.com \u2013 Ihr Partner f\u00fcr pr\u00e4zise L\u00f6sungen in der landwirtschaftlichen Automatisierung und Vermessung!<\/p>\n","protected":false},"author":1,"featured_media":0,"parent":0,"menu_order":0,"comment_status":"closed","ping_status":"open","template":"","meta":{"hide_page_title":"","footnotes":""},"class_list":["post-2","page","type-page","status-publish","hentry"],"_links":{"self":[{"href":"https:\/\/www.rtk4u.com\/index.php?rest_route=\/wp\/v2\/pages\/2","targetHints":{"allow":["GET"]}}],"collection":[{"href":"https:\/\/www.rtk4u.com\/index.php?rest_route=\/wp\/v2\/pages"}],"about":[{"href":"https:\/\/www.rtk4u.com\/index.php?rest_route=\/wp\/v2\/types\/page"}],"author":[{"embeddable":true,"href":"https:\/\/www.rtk4u.com\/index.php?rest_route=\/wp\/v2\/users\/1"}],"replies":[{"embeddable":true,"href":"https:\/\/www.rtk4u.com\/index.php?rest_route=%2Fwp%2Fv2%2Fcomments&post=2"}],"version-history":[{"count":2,"href":"https:\/\/www.rtk4u.com\/index.php?rest_route=\/wp\/v2\/pages\/2\/revisions"}],"predecessor-version":[{"id":64,"href":"https:\/\/www.rtk4u.com\/index.php?rest_route=\/wp\/v2\/pages\/2\/revisions\/64"}],"wp:attachment":[{"href":"https:\/\/www.rtk4u.com\/index.php?rest_route=%2Fwp%2Fv2%2Fmedia&parent=2"}],"curies":[{"name":"wp","href":"https:\/\/api.w.org\/{rel}","templated":true}]}}